{"id":236,"date":"2011-06-07T15:11:23","date_gmt":"2011-06-07T15:11:23","guid":{"rendered":"http:\/\/localhost\/news\/?page_id=236"},"modified":"2025-05-15T18:15:52","modified_gmt":"2025-05-15T16:15:52","slug":"chi-siamo","status":"publish","type":"page","link":"https:\/\/punto5.it\/news\/chi-siamo\/","title":{"rendered":"Chi Siamo"},"content":{"rendered":"<p>Punto 5 \u00e8 un programma nato nel 1999 come viaggio tra i club e si \u00e8 trasformato in una \u201cdomenica sportiva\u201d del calcio a 5. Telecamere sui campi, viaggi tra i club, highlights delle partite, interviste, curiosit\u00e0 in abbinamento col nostro portale www.punto5.it.<br \/>\nAbbiamo iniziato su Telecaprisport, poi siamo stati tantissime altre emittenti in tutta la Campania fino ad approdare a Piuenne dove \u00e8 nato un nuovo progetto con un nuovo nome al programma: Punto 5 la casa del futsal. Ad oggi andiamo in onda su CalcioNapoli24TV, canale 79 del digitale terrestre. Il nostro \u00e8 un marchio indipendente e la nostra collaborazione con i club \u00e8 consolidata. Abbiamo sempre trasmesso le sintesi di tutte le partite dei club a livello nazionale e battuto un record in Italia: unici ad avere le telecamere nel massimo campionato regionale di C1 sulla totalit\u00e0 dei campi (14 su 14 squadre). Ma con le nostre telecamere seguiamo anche la C2 e c&#8217;\u00e8 spazio anche per tutti gli altri campionati con la D, Femminile, Juniores e Under 21 con ampi servizi anche sulla nostra pagina facebook.<\/p>\n<p><strong>WWW.PUNTO5.IT<\/strong><br \/>\n\u00c8 il portale di riferimento del futsal campano, rinnovato nella veste grafica, forniamo ai nostri utenti tantissimi servizi: notizie su tutti i campionati, dalla serie A fino ai Provinciali, gli highlights delle partite che trasmettiamo e dei nostri speciali, il nostro programma, gli aggiornamenti sui campionati di C1 e C2, le dirette streaming. Siamo sempre presenti in tutte le manifestazioni di calcio a 5 a livello regionale e un importante riferimento per la Divisione Calcio a 5.<\/p>\n<p><strong>WEB TV<\/strong><br \/>\nTutti i video sono condivisi sulla nostra pagina Facebook e in archivio fino al 2016 sul nostro canale YouTube. L\u2019informazione \u00e8 cambiata, ormai il punto di riferimento dei lettori \u00e8 Facebook, perfetto per capire il numero di visualizzazioni, per veicolare messaggi pubblicitari, per arrivare al lettore in tempi immediati e in ogni ora del giorno.<\/p>\n<p><strong>CLUB PARTNER DI PUNTO 5<\/strong><br \/>\nPunto 5 d\u00e0 la possibilit\u00e0 alle societ\u00e0 di diventare un club partner. In tutti questi anni sono stati con noi mediamente 25 societ\u00e0 ogni campionato a rendere forte il nostro lavoro che cerchiamo di fare sempre con qualit\u00e0 e professionalit\u00e0.<\/p>\n<p><strong>PUNTO5 FOCUS TORNEI<\/strong><br \/>\nPunto 5 d\u00e0 la possibilit\u00e0 di essere in prima fila per seguire tornei integralmente o solo nelle fasi conclusive con la web-tv, il sito internet e la televisione. Tutto questo con la nostra esperienza, qualit\u00e0 e competenza nel settore del calcio a 5. Le strutture sportive, in particolar modo tutti coloro che hanno campi di calcio a 5, ma anche quelli di calciotto, possono fare riferimento a noi per pubblicizzare la loro attivit\u00e0.<\/p>\n<p><strong>UFFICI STAMPA ED EVENTI<\/strong><br \/>\nPunto 5 pu\u00f2 essere il tuo ufficio stampa. Affidati alla validit\u00e0 dei nostri redattori, curiamo l\u2019Ufficio Stampa della tua societ\u00e0 fornendo indicazioni, contatti, strumenti per aumentare la tua visibilit\u00e0. Punto 5 organizza eventi. Se hai una manifestazione speciale, un giorno particolare in cui hai bisogno di chi ti segue per realizzarlo al meglio con la comunicazione, con la Tv, con l\u2019organizzazione, affidati a noi, troverai competenza e convenienza.<\/p>\n<p><strong>CREAZIONE SITI WEB<\/strong><br \/>\nPunto 5 pu\u00f2 creare il tuo sito web. Se sei interessato alla creazione del tuo nuovo web-portal, Punto 5 ha la soluzione ideale alle tue esigenze, un sito moderno e efficace per pubblicizzare la tua squadra e la tua attivit\u00e0.<\/p>\n","protected":false},"excerpt":{"rendered":"<p>Punto 5 \u00e8 un programma nato nel 1999 come viaggio tra i club e si \u00e8 trasformato in una \u201cdomenica sportiva\u201d del calcio a 5. Telecamere sui campi, viaggi tra i club, highlights delle partite, interviste, curiosit\u00e0 in abbinamento col nostro portale www.punto5.it. Abbiamo iniziato su Telecaprisport, poi siamo stati tantissime altre emittenti in tutta [&hellip;]<\/p>\n","protected":false},"author":9,"featured_media":0,"parent":0,"menu_order":0,"comment_status":"open","ping_status":"open","template":"","meta":{"jnews_page_loop":[],"jnews_single_page":[],"jnews_social_meta":[],"footnotes":""},"class_list":["post-236","page","type-page","status-publish","hentry"],"yoast_head":"<!-- This site is optimized with the Yoast SEO plugin v24.5 - https:\/\/yoast.com\/wordpress\/plugins\/seo\/ -->\n<title>Chi Siamo - Punto5.it<\/title>\n<meta name=\"robots\" content=\"index, follow, max-snippet:-1, max-image-preview:large, max-video-preview:-1\" \/>\n<link rel=\"canonical\" href=\"https:\/\/punto5.it\/news\/chi-siamo\/\" \/>\n<meta property=\"og:locale\" content=\"it_IT\" \/>\n<meta property=\"og:type\" content=\"article\" \/>\n<meta property=\"og:title\" content=\"Chi Siamo - Punto5.it\" \/>\n<meta property=\"og:description\" content=\"Punto 5 \u00e8 un programma nato nel 1999 come viaggio tra i club e si \u00e8 trasformato in una \u201cdomenica sportiva\u201d del calcio a 5. Telecamere sui campi, viaggi tra i club, highlights delle partite, interviste, curiosit\u00e0 in abbinamento col nostro portale www.punto5.it. Abbiamo iniziato su Telecaprisport, poi siamo stati tantissime altre emittenti in tutta [&hellip;]\" \/>\n<meta property=\"og:url\" content=\"https:\/\/punto5.it\/news\/chi-siamo\/\" \/>\n<meta property=\"og:site_name\" content=\"Punto5.it\" \/>\n<meta property=\"article:publisher\" content=\"https:\/\/www.facebook.com\/punto5.it\/\" \/>\n<meta property=\"article:modified_time\" content=\"2025-05-15T16:15:52+00:00\" \/>\n<meta property=\"og:image\" content=\"https:\/\/punto5.it\/news\/wp-content\/uploads\/2024\/12\/fbp5.png\" \/>\n\t<meta property=\"og:image:width\" content=\"500\" \/>\n\t<meta property=\"og:image:height\" content=\"500\" \/>\n\t<meta property=\"og:image:type\" content=\"image\/png\" \/>\n<meta name=\"twitter:label1\" content=\"Tempo di lettura stimato\" \/>\n\t<meta name=\"twitter:data1\" content=\"3 minuti\" \/>\n<script type=\"application\/ld+json\" class=\"yoast-schema-graph\">{\"@context\":\"https:\/\/schema.org\",\"@graph\":[{\"@type\":\"WebPage\",\"@id\":\"https:\/\/punto5.it\/news\/chi-siamo\/\",\"url\":\"https:\/\/punto5.it\/news\/chi-siamo\/\",\"name\":\"Chi Siamo - Punto5.it\",\"isPartOf\":{\"@id\":\"https:\/\/punto5.it\/news\/#website\"},\"datePublished\":\"2011-06-07T15:11:23+00:00\",\"dateModified\":\"2025-05-15T16:15:52+00:00\",\"breadcrumb\":{\"@id\":\"https:\/\/punto5.it\/news\/chi-siamo\/#breadcrumb\"},\"inLanguage\":\"it-IT\",\"potentialAction\":[{\"@type\":\"ReadAction\",\"target\":[\"https:\/\/punto5.it\/news\/chi-siamo\/\"]}]},{\"@type\":\"BreadcrumbList\",\"@id\":\"https:\/\/punto5.it\/news\/chi-siamo\/#breadcrumb\",\"itemListElement\":[{\"@type\":\"ListItem\",\"position\":1,\"name\":\"Home\",\"item\":\"https:\/\/punto5.it\/news\/\"},{\"@type\":\"ListItem\",\"position\":2,\"name\":\"Chi Siamo\"}]},{\"@type\":\"WebSite\",\"@id\":\"https:\/\/punto5.it\/news\/#website\",\"url\":\"https:\/\/punto5.it\/news\/\",\"name\":\"Punto5.it\",\"description\":\"La tua risorsa gratuita sul calcio a 5 in Campania.\",\"publisher\":{\"@id\":\"https:\/\/punto5.it\/news\/#organization\"},\"potentialAction\":[{\"@type\":\"SearchAction\",\"target\":{\"@type\":\"EntryPoint\",\"urlTemplate\":\"https:\/\/punto5.it\/news\/?s={search_term_string}\"},\"query-input\":{\"@type\":\"PropertyValueSpecification\",\"valueRequired\":true,\"valueName\":\"search_term_string\"}}],\"inLanguage\":\"it-IT\"},{\"@type\":\"Organization\",\"@id\":\"https:\/\/punto5.it\/news\/#organization\",\"name\":\"Punto5\",\"url\":\"https:\/\/punto5.it\/news\/\",\"logo\":{\"@type\":\"ImageObject\",\"inLanguage\":\"it-IT\",\"@id\":\"https:\/\/punto5.it\/news\/#\/schema\/logo\/image\/\",\"url\":\"https:\/\/punto5.it\/news\/wp-content\/uploads\/2024\/12\/fbp5.png\",\"contentUrl\":\"https:\/\/punto5.it\/news\/wp-content\/uploads\/2024\/12\/fbp5.png\",\"width\":500,\"height\":500,\"caption\":\"Punto5\"},\"image\":{\"@id\":\"https:\/\/punto5.it\/news\/#\/schema\/logo\/image\/\"},\"sameAs\":[\"https:\/\/www.facebook.com\/punto5.it\/\"]}]}<\/script>\n<!-- \/ Yoast SEO plugin. -->","yoast_head_json":{"title":"Chi Siamo - Punto5.it","robots":{"index":"index","follow":"follow","max-snippet":"max-snippet:-1","max-image-preview":"max-image-preview:large","max-video-preview":"max-video-preview:-1"},"canonical":"https:\/\/punto5.it\/news\/chi-siamo\/","og_locale":"it_IT","og_type":"article","og_title":"Chi Siamo - Punto5.it","og_description":"Punto 5 \u00e8 un programma nato nel 1999 come viaggio tra i club e si \u00e8 trasformato in una \u201cdomenica sportiva\u201d del calcio a 5. Telecamere sui campi, viaggi tra i club, highlights delle partite, interviste, curiosit\u00e0 in abbinamento col nostro portale www.punto5.it. Abbiamo iniziato su Telecaprisport, poi siamo stati tantissime altre emittenti in tutta [&hellip;]","og_url":"https:\/\/punto5.it\/news\/chi-siamo\/","og_site_name":"Punto5.it","article_publisher":"https:\/\/www.facebook.com\/punto5.it\/","article_modified_time":"2025-05-15T16:15:52+00:00","og_image":[{"width":500,"height":500,"url":"https:\/\/punto5.it\/news\/wp-content\/uploads\/2024\/12\/fbp5.png","type":"image\/png"}],"twitter_misc":{"Tempo di lettura stimato":"3 minuti"},"schema":{"@context":"https:\/\/schema.org","@graph":[{"@type":"WebPage","@id":"https:\/\/punto5.it\/news\/chi-siamo\/","url":"https:\/\/punto5.it\/news\/chi-siamo\/","name":"Chi Siamo - Punto5.it","isPartOf":{"@id":"https:\/\/punto5.it\/news\/#website"},"datePublished":"2011-06-07T15:11:23+00:00","dateModified":"2025-05-15T16:15:52+00:00","breadcrumb":{"@id":"https:\/\/punto5.it\/news\/chi-siamo\/#breadcrumb"},"inLanguage":"it-IT","potentialAction":[{"@type":"ReadAction","target":["https:\/\/punto5.it\/news\/chi-siamo\/"]}]},{"@type":"BreadcrumbList","@id":"https:\/\/punto5.it\/news\/chi-siamo\/#breadcrumb","itemListElement":[{"@type":"ListItem","position":1,"name":"Home","item":"https:\/\/punto5.it\/news\/"},{"@type":"ListItem","position":2,"name":"Chi Siamo"}]},{"@type":"WebSite","@id":"https:\/\/punto5.it\/news\/#website","url":"https:\/\/punto5.it\/news\/","name":"Punto5.it","description":"La tua risorsa gratuita sul calcio a 5 in Campania.","publisher":{"@id":"https:\/\/punto5.it\/news\/#organization"},"potentialAction":[{"@type":"SearchAction","target":{"@type":"EntryPoint","urlTemplate":"https:\/\/punto5.it\/news\/?s={search_term_string}"},"query-input":{"@type":"PropertyValueSpecification","valueRequired":true,"valueName":"search_term_string"}}],"inLanguage":"it-IT"},{"@type":"Organization","@id":"https:\/\/punto5.it\/news\/#organization","name":"Punto5","url":"https:\/\/punto5.it\/news\/","logo":{"@type":"ImageObject","inLanguage":"it-IT","@id":"https:\/\/punto5.it\/news\/#\/schema\/logo\/image\/","url":"https:\/\/punto5.it\/news\/wp-content\/uploads\/2024\/12\/fbp5.png","contentUrl":"https:\/\/punto5.it\/news\/wp-content\/uploads\/2024\/12\/fbp5.png","width":500,"height":500,"caption":"Punto5"},"image":{"@id":"https:\/\/punto5.it\/news\/#\/schema\/logo\/image\/"},"sameAs":["https:\/\/www.facebook.com\/punto5.it\/"]}]}},"_links":{"self":[{"href":"https:\/\/punto5.it\/news\/wp-json\/wp\/v2\/pages\/236","targetHints":{"allow":["GET"]}}],"collection":[{"href":"https:\/\/punto5.it\/news\/wp-json\/wp\/v2\/pages"}],"about":[{"href":"https:\/\/punto5.it\/news\/wp-json\/wp\/v2\/types\/page"}],"author":[{"embeddable":true,"href":"https:\/\/punto5.it\/news\/wp-json\/wp\/v2\/users\/9"}],"replies":[{"embeddable":true,"href":"https:\/\/punto5.it\/news\/wp-json\/wp\/v2\/comments?post=236"}],"version-history":[{"count":1,"href":"https:\/\/punto5.it\/news\/wp-json\/wp\/v2\/pages\/236\/revisions"}],"predecessor-version":[{"id":228395,"href":"https:\/\/punto5.it\/news\/wp-json\/wp\/v2\/pages\/236\/revisions\/228395"}],"wp:attachment":[{"href":"https:\/\/punto5.it\/news\/wp-json\/wp\/v2\/media?parent=236"}],"curies":[{"name":"wp","href":"https:\/\/api.w.org\/{rel}","templated":true}]}}